{"id":104,"date":"2015-09-14T20:26:50","date_gmt":"2015-09-14T18:26:50","guid":{"rendered":"http:\/\/bkramer.de\/edma\/?page_id=104"},"modified":"2016-11-03T09:16:31","modified_gmt":"2016-11-03T07:16:31","slug":"akkumulator","status":"publish","type":"page","link":"https:\/\/bkramer.de\/edma\/komponenten\/akkumulator\/","title":{"rendered":"Akkumulator"},"content":{"rendered":"<p>Der Akkumulator ist einfach eine Autobatterie mit ca 36Ah. Sie ist einfach zu beschaffen wie auch ein passendes Ladeger\u00e4te. Mit der &#8222;Standartspannung&#8220; kann man leicht Motoren z.B aus dem Automobielbau verwenden. Sie sind ebenfalls einfach und g\u00fcnstig zu bekommen.<\/p>\n<p>Man k\u00f6nnte meinen das h\u00f6here Gewicht des Akkus k\u00f6nnte ein problem sein, aber erstens ist er g\u00fcnstig, zweitens bietet er gro\u00dfe Energiemengen f\u00fcr lange M\u00e4hzeiten, drittens wird EDMA an Schr\u00e4gen ohne durchdrehenden R\u00e4der leichter fahren k\u00f6nnen und man kann ihn nicht so leicht stehlen \ud83d\ude09<\/p>\n","protected":false},"excerpt":{"rendered":"<p>Der Akkumulator ist einfach eine Autobatterie mit ca 36Ah. Sie ist einfach zu beschaffen wie auch ein passendes Ladeger\u00e4te. Mit der &#8222;Standartspannung&#8220; kann man leicht Motoren z.B aus dem Automobielbau verwenden. Sie sind ebenfalls einfach und g\u00fcnstig zu bekommen. Man &hellip; <a href=\"https:\/\/bkramer.de\/edma\/komponenten\/akkumulator\/\">Weiterlesen <span class=\"meta-nav\">&rarr;<\/span><\/a><\/p>\n","protected":false},"author":1,"featured_media":0,"parent":71,"menu_order":0,"comment_status":"closed","ping_status":"closed","template":"sidebar-page.php","meta":[],"_links":{"self":[{"href":"https:\/\/bkramer.de\/edma\/wp-json\/wp\/v2\/pages\/104"}],"collection":[{"href":"https:\/\/bkramer.de\/edma\/wp-json\/wp\/v2\/pages"}],"about":[{"href":"https:\/\/bkramer.de\/edma\/wp-json\/wp\/v2\/types\/page"}],"author":[{"embeddable":true,"href":"https:\/\/bkramer.de\/edma\/wp-json\/wp\/v2\/users\/1"}],"replies":[{"embeddable":true,"href":"https:\/\/bkramer.de\/edma\/wp-json\/wp\/v2\/comments?post=104"}],"version-history":[{"count":5,"href":"https:\/\/bkramer.de\/edma\/wp-json\/wp\/v2\/pages\/104\/revisions"}],"predecessor-version":[{"id":109,"href":"https:\/\/bkramer.de\/edma\/wp-json\/wp\/v2\/pages\/104\/revisions\/109"}],"up":[{"embeddable":true,"href":"https:\/\/bkramer.de\/edma\/wp-json\/wp\/v2\/pages\/71"}],"wp:attachment":[{"href":"https:\/\/bkramer.de\/edma\/wp-json\/wp\/v2\/media?parent=104"}],"curies":[{"name":"wp","href":"https:\/\/api.w.org\/{rel}","templated":true}]}}