{"id":82,"date":"2015-08-27T21:03:16","date_gmt":"2015-08-27T19:03:16","guid":{"rendered":"http:\/\/bkramer.de\/edma\/?page_id=82"},"modified":"2020-06-12T11:59:22","modified_gmt":"2020-06-12T09:59:22","slug":"stueckliste","status":"publish","type":"page","link":"https:\/\/bkramer.de\/edma\/komponenten\/stueckliste\/","title":{"rendered":"St\u00fcckliste"},"content":{"rendered":"\n<table id=\"tablepress-1\" class=\"tablepress tablepress-id-1\">\n<thead>\n<tr class=\"row-1 odd\">\n\t<th class=\"column-1\">Menge<\/th><th class=\"column-2\">Bezeichnung<\/th><th class=\"column-3\">Lieferant<\/th><th class=\"column-4\">BestNr.<\/th>\n<\/tr>\n<\/thead>\n<tbody class=\"row-hover\">\n<tr class=\"row-2 even\">\n\t<td class=\"column-1\">1<\/td><td class=\"column-2\">Raspberry Pi<\/td><td class=\"column-3\">RS-Components<\/td><td class=\"column-4\"><\/td>\n<\/tr>\n<tr class=\"row-3 odd\">\n\t<td class=\"column-1\">1<\/td><td class=\"column-2\">Leistungsteil<\/td><td class=\"column-3\">EDMA<\/td><td class=\"column-4\"><\/td>\n<\/tr>\n<tr class=\"row-4 even\">\n\t<td class=\"column-1\">1<\/td><td class=\"column-2\">Drahterkennung<\/td><td class=\"column-3\">EDMA<\/td><td class=\"column-4\"><\/td>\n<\/tr>\n<tr class=\"row-5 odd\">\n\t<td class=\"column-1\">1<\/td><td class=\"column-2\">Kompass GY-271 (HMC5883L)<\/td><td class=\"column-3\">Amazon<\/td><td class=\"column-4\"><a href=\"https:\/\/tidd.ly\/3h5sWWq\">*GY-271 Kompass Modul<\/a><\/td>\n<\/tr>\n<tr class=\"row-6 even\">\n\t<td class=\"column-1\">2<\/td><td class=\"column-2\">DCF77 Empf\u00e4nger<\/td><td class=\"column-3\">Amazon<\/td><td class=\"column-4\"><a href=\"http:\/\/amzn.to\/2tgLojz\">*DCF1<\/a><\/td>\n<\/tr>\n<tr class=\"row-7 odd\">\n\t<td class=\"column-1\">1<\/td><td class=\"column-2\">Sender f. Drahterkennung<\/td><td class=\"column-3\">EDMA<\/td><td class=\"column-4\"><\/td>\n<\/tr>\n<tr class=\"row-8 even\">\n\t<td class=\"column-1\">2<\/td><td class=\"column-2\">Fahrmotor DC Getriebemotor<\/td><td class=\"column-3\">Pollin<\/td><td class=\"column-4\"><a href=\"http:\/\/www.bkramer.de\/edma\/php\/alnk.php?fid=d79ff953b4ba39c484c52c4f73589711\">*Rechter Motor<\/a><br \/>\n<a href=\"http:\/\/www.bkramer.de\/edma\/php\/alnk.php?fid=6bd53f04733fd3a9265b9c388f204d13\">*Linker Motor<\/a><\/td>\n<\/tr>\n<tr class=\"row-9 odd\">\n\t<td class=\"column-1\">1<\/td><td class=\"column-2\">M\u00e4hmotor (K\u00fchlerl\u00fcfter)<\/td><td class=\"column-3\">Schrottplatz<\/td><td class=\"column-4\">VW Passat<\/td>\n<\/tr>\n<tr class=\"row-10 even\">\n\t<td class=\"column-1\">1<\/td><td class=\"column-2\">Bockrolle d=10cm<\/td><td class=\"column-3\">Baumarkt<\/td><td class=\"column-4\"><\/td>\n<\/tr>\n<tr class=\"row-11 odd\">\n\t<td class=\"column-1\">1<\/td><td class=\"column-2\">Akkumulator (Autobatterie)<\/td><td class=\"column-3\">Baumarkt<\/td><td class=\"column-4\">12V 36 Ah<\/td>\n<\/tr>\n<tr class=\"row-12 even\">\n\t<td class=\"column-1\">1<\/td><td class=\"column-2\">M\u00e4hwerk<\/td><td class=\"column-3\">EDMA<\/td><td class=\"column-4\"><\/td>\n<\/tr>\n<tr class=\"row-13 odd\">\n\t<td class=\"column-1\">2m<\/td><td class=\"column-2\">Vierkantstahlrohr<\/td><td class=\"column-3\">Baumarkt<\/td><td class=\"column-4\"><\/td>\n<\/tr>\n<tr class=\"row-14 even\">\n\t<td class=\"column-1\">1<\/td><td class=\"column-2\">M\u00e4hschutz<\/td><td class=\"column-3\">R\u00fcckwand v. Waschmaschine<\/td><td class=\"column-4\"><\/td>\n<\/tr>\n<tr class=\"row-15 odd\">\n\t<td class=\"column-1\">1<\/td><td class=\"column-2\">Antriebsr\u00e4der<\/td><td class=\"column-3\">alter Rasenm\u00e4her mit Antrieb<\/td><td class=\"column-4\"><\/td>\n<\/tr>\n<tr class=\"row-16 even\">\n\t<td class=\"column-1\">1<\/td><td class=\"column-2\">WLan Stick<\/td><td class=\"column-3\">Amazon<\/td><td class=\"column-4\"><a href=\"http:\/\/www.bkramer.de\/edma\/php\/alnk.php?fid=2984ad79c59a7451dd81c713ac273d5f\">*EDIMAX EW-7811UN<\/a><\/td>\n<\/tr>\n<tr class=\"row-17 odd\">\n\t<td class=\"column-1\">1<\/td><td class=\"column-2\">DCDC Wandler (ab Power 4.0 nicht mehr notwendig)<\/td><td class=\"column-3\">Amazon<\/td><td class=\"column-4\"><a href=\"http:\/\/www.bkramer.de\/edma\/php\/alnk.php?fid=7945f570ee4c3cb9445f6299ffbec126\">*DC-DC Wandler LM2596S<\/a><\/td>\n<\/tr>\n<tr class=\"row-18 even\">\n\t<td class=\"column-1\">1<\/td><td class=\"column-2\">Distanzsensor HC-SR04<\/td><td class=\"column-3\">Reichelt<\/td><td class=\"column-4\"><a href=\"http:\/\/www.bkramer.de\/edma\/php\/alnk.php?fid=84a61f3a5c7830c9e1885920eff83e7a\">*Ultraschall Abstandssensor HC-SR04<\/a><\/td>\n<\/tr>\n<\/tbody>\n<\/table>\n<!-- #tablepress-1 from cache -->\n<p>*Bei den Links hadelt es sich um Affiliate-Links zu versch. Anbietern. Damit unterst\u00fctzt du dieses Proejkt, ohne mehr bezahlen zu m\u00fcssen.<\/p>\n","protected":false},"excerpt":{"rendered":"<p>*Bei den Links hadelt es sich um Affiliate-Links zu versch. Anbietern. Damit unterst\u00fctzt du dieses Proejkt, ohne mehr bezahlen zu m\u00fcssen.<\/p>\n","protected":false},"author":1,"featured_media":0,"parent":71,"menu_order":0,"comment_status":"closed","ping_status":"closed","template":"sidebar-page.php","meta":[],"_links":{"self":[{"href":"https:\/\/bkramer.de\/edma\/wp-json\/wp\/v2\/pages\/82"}],"collection":[{"href":"https:\/\/bkramer.de\/edma\/wp-json\/wp\/v2\/pages"}],"about":[{"href":"https:\/\/bkramer.de\/edma\/wp-json\/wp\/v2\/types\/page"}],"author":[{"embeddable":true,"href":"https:\/\/bkramer.de\/edma\/wp-json\/wp\/v2\/users\/1"}],"replies":[{"embeddable":true,"href":"https:\/\/bkramer.de\/edma\/wp-json\/wp\/v2\/comments?post=82"}],"version-history":[{"count":5,"href":"https:\/\/bkramer.de\/edma\/wp-json\/wp\/v2\/pages\/82\/revisions"}],"predecessor-version":[{"id":707,"href":"https:\/\/bkramer.de\/edma\/wp-json\/wp\/v2\/pages\/82\/revisions\/707"}],"up":[{"embeddable":true,"href":"https:\/\/bkramer.de\/edma\/wp-json\/wp\/v2\/pages\/71"}],"wp:attachment":[{"href":"https:\/\/bkramer.de\/edma\/wp-json\/wp\/v2\/media?parent=82"}],"curies":[{"name":"wp","href":"https:\/\/api.w.org\/{rel}","templated":true}]}}